{"id":67,"date":"2015-05-29T14:08:34","date_gmt":"2015-05-29T14:08:34","guid":{"rendered":"http:\/\/vizparton.hu\/?page_id=67"},"modified":"2022-02-09T09:55:44","modified_gmt":"2022-02-09T09:55:44","slug":"contacts","status":"publish","type":"page","link":"https:\/\/vizparton.hu\/en\/contacts\/","title":{"rendered":"Contacts"},"content":{"rendered":"<p>[vc_row][vc_column][vc_empty_space height=&#8221;35px&#8221;]<h3 class=\"sohohotel-title-25px sohohotel-clearfix sohohotel-title-center\">Contacts for Balaton Apartment House in Sz\u00e1nt\u00f3d<\/h3>[\/vc_column][\/vc_row][vc_row fixed_width=&#8221;true&#8221;][vc_column width=&#8221;1\/2&#8243;]<h3 class=\"sohohotel-title-20px sohohotel-clearfix sohohotel-title-left\">Phone, e-mail<\/h3>[vc_column_text]<strong>Phone<\/strong><br \/>\n<a href=\"tel:+36202311403\">+36 20 231 1403<\/a>\u00a0Lajos Csaba (on weekdays 9:00-18:00)<br \/>\n<a href=\"tel:+36203863711\">+36 20 386 3711<\/a>\u00a0L\u00e1szl\u00f3 Sz\u00e1day<\/p>\n<p><strong>E-mail<\/strong><br \/>\n<a href=\"mailto:vizparton@vizparton.hu\">vizparton@vizparton.hu<\/a><\/p>\n<p><strong>Address<\/strong><br \/>\n8622 Sz\u00e1nt\u00f3d Parti Villasor 124\/B<\/p>\n<p><strong>Location<\/strong><br \/>\nArriving by car, on the southern coast of Lake Balaton from route 7 turn towards Tihany at Zam\u00e1rdi railway station and from the road leading to ferry (when the lake and the ferry is in front of us) turn left, at Parti Villasor and take the second entrance.<\/p>\n<p>By train, the apartment house is 2 km from Sz\u00e1nt\u00f3d station.[\/vc_column_text][vc_empty_space height=&#8221;35px&#8221;][\/vc_column][vc_column width=&#8221;1\/2&#8243;]<h3 class=\"sohohotel-title-20px sohohotel-clearfix sohohotel-title-left\">Send an enquiry or message or request an offer by filling out the following form!<\/h3>\n<div class=\"wpcf7 no-js\" id=\"wpcf7-f656-o1\" lang=\"en-US\" dir=\"ltr\" data-wpcf7-id=\"656\">\n<div class=\"screen-reader-response\"><p role=\"status\" aria-live=\"polite\" aria-atomic=\"true\"><\/p> <ul><\/ul><\/div>\n<form action=\"\/en\/wp-json\/wp\/v2\/pages\/67#wpcf7-f656-o1\" method=\"post\" class=\"wpcf7-form init\" aria-label=\"Contact form\" novalidate=\"novalidate\" data-status=\"init\">\n<fieldset class=\"hidden-fields-container\"><input type=\"hidden\" name=\"_wpcf7\" value=\"656\" \/><input type=\"hidden\" name=\"_wpcf7_version\" value=\"6.1.5\" \/><input type=\"hidden\" name=\"_wpcf7_locale\" value=\"en_US\" \/><input type=\"hidden\" name=\"_wpcf7_unit_tag\" value=\"wpcf7-f656-o1\" \/><input type=\"hidden\" name=\"_wpcf7_container_post\" value=\"0\" \/><input type=\"hidden\" name=\"_wpcf7_posted_data_hash\" value=\"\" \/>\n<\/fieldset>\n<p>Your Name (required)\n<\/p>\n<p><span class=\"wpcf7-form-control-wrap\" data-name=\"your-name\"><input size=\"40\" maxlength=\"400\" class=\"wpcf7-form-control wpcf7-text wpcf7-validates-as-required\" aria-required=\"true\" aria-invalid=\"false\" value=\"\" type=\"text\" name=\"your-name\" \/><\/span>\n<\/p>\n<p>Your Email (required)\n<\/p>\n<p><span class=\"wpcf7-form-control-wrap\" data-name=\"your-email\"><input size=\"40\" maxlength=\"400\" class=\"wpcf7-form-control wpcf7-email wpcf7-validates-as-required wpcf7-text wpcf7-validates-as-email\" aria-required=\"true\" aria-invalid=\"false\" value=\"\" type=\"email\" name=\"your-email\" \/><\/span>\n<\/p>\n<p>Subject\n<\/p>\n<p><span class=\"wpcf7-form-control-wrap\" data-name=\"your-subject\"><input size=\"40\" maxlength=\"400\" class=\"wpcf7-form-control wpcf7-text\" aria-invalid=\"false\" value=\"\" type=\"text\" name=\"your-subject\" \/><\/span>\n<\/p>\n<p>Your Message\n<\/p>\n<p><span class=\"wpcf7-form-control-wrap\" data-name=\"your-message\"><textarea cols=\"40\" rows=\"10\" maxlength=\"2000\" class=\"wpcf7-form-control wpcf7-textarea\" aria-invalid=\"false\" name=\"your-message\"><\/textarea><\/span>\n<\/p>\n<p><input class=\"wpcf7-form-control wpcf7-submit has-spinner\" type=\"submit\" value=\"Send\" \/>\n<\/p><div class=\"wpcf7-response-output\" aria-hidden=\"true\"><\/div>\n<\/form>\n<\/div>\n[\/vc_column][\/vc_row][vc_row css=&#8221;.vc_custom_1625655823267{margin-top: 0px !important;margin-right: 0px !important;margin-bottom: 0px !important;margin-left: 0px !important;border-top-width: 0px !important;border-right-width: 0px !important;border-bottom-width: 0px !important;border-left-width: 0px !important;padding-top: 0px !important;padding-right: 0px !important;padding-bottom: 0px !important;padding-left: 0px !important;}&#8221;][vc_column css=&#8221;.vc_custom_1625655832067{margin-top: 0px !important;margin-right: 0px !important;margin-bottom: 0px !important;margin-left: 0px !important;border-top-width: 0px !important;border-right-width: 0px !important;border-bottom-width: 0px !important;border-left-width: 0px !important;padding-top: 0px !important;padding-right: 0px !important;padding-bottom: 0px !important;padding-left: 0px !important;}&#8221;]\t\n\t\t\n\t\t\n\t<!-- BEGIN #google-map -->\n\t<div id=\"google-map-1\" style=\"width: 100%;height: 540px;\"><\/div>\n\n\t<script type=\"text\/javascript\">\n\n\t\tfunction initialize() {\n\n\t\t\t\/\/ Set Location\n\t\t\tvar myLatlng = new google.maps.LatLng(46.877475328967336,17.90487400846116);\n\n\t\t\t\/\/ Set Style\n\t\t\tvar styles = [\n\t\t\t    {\n\t\t\t      stylers: [\n\t\t\t        { hue: \"#b99470\" },\n\t\t\t        { saturation: -50 }\n\t\t\t      ]\n\t\t\t    },{\n\t\t\t      featureType: \"road\",\n\t\t\t      elementType: \"geometry\",\n\t\t\t      stylers: [\n\t\t\t        { lightness: 100 },\n\t\t\t        { visibility: \"simplified\" }\n\t\t\t      ]\n\t\t\t    },{\n\t\t\t      featureType: \"road\",\n\t\t\t      elementType: \"labels\",\n\t\t\t      stylers: [\n\t\t\t        { visibility: \"off\" }\n\t\t\t      ]\n\t\t\t    }\n\t\t\t  ];\n\n\t\t\t\/\/ Set Map Options\n\t\t\tvar mapOptions = {\n\t\t\t\tmapTypeControlOptions: {\n\t\t\t\t\tmapTypeIds: ['Styled']\n\t\t\t\t},\n\t\t\t\tcenter: myLatlng,\n\t\t\t\tzoom: 14,\n\t\t\t\tmapTypeId: 'Styled',\n\t\t\t\tscrollwheel: false,\n\t\t\t\tscaleControl: false,\n\t\t\t\tdisableDefaultUI: false\n\t\t\t};\n\n\t\t\t\/\/ Build Map\n\t\t\tvar map = new google.maps.Map(document.getElementById('google-map-1'), mapOptions);\n\t\t\tvar styledMapType = new google.maps.StyledMapType(styles, { name: 'Styled' });\n\t\t\tmap.mapTypes.set('Styled', styledMapType);\n\n\t\t\t\/\/ Set Map Marker\n\t\t\tvar contentString = 'Balaton Apartmanh\u00e1z';\n\t\t\tvar infowindow = new google.maps.InfoWindow({\n\t\t\t\tcontent: contentString\n\t\t\t});\n\t\t\t\n\t\t\tvar marker = new google.maps.Marker({\n\t\t\t\tposition: myLatlng,\n\t\t\t\tmap: map,\n\t\t\t\ticon: {\n\t\t\t\t\tpath: google.maps.SymbolPath.CIRCLE,\n\t\t\t\t\tfillColor: '#fff',\n\t\t\t\t\tfillOpacity: 0,\n\t\t\t\t\tstrokeWeight: 0,\n\t\t\t\t\tscale: 15\n\t\t\t\t},\n\t\t\t\tlabel: {\n\t\t\t\t\tfontFamily: \"'Font Awesome 5 Free'\",\n\t\t\t\t\tfontWeight: '900',\n\t\t\t\t\ttext: eval(\"'\\\\u\"+'f3c5'+\"'\"),\n\t\t\t\t\tcolor: '#b99470',\n\t\t\t\t\tfontSize: \"40px\"\n\t\t\t\t}\n\t\t\t});\n\n\t\t\t\/\/ Display Map Marker\n\t\t\tgoogle.maps.event.addListener(marker, 'click', function() {\n\t\t\t\tinfowindow.open(map,marker);\n\t\t\t});\n\n\t\t}\n\n\t\t\/\/ Display Map\n\t\tgoogle.maps.event.addDomListener(window, 'load', initialize);\n\n\t<\/script>\n\t\n\t\n\t[\/vc_column][\/vc_row][vc_row disable_element=&#8221;yes&#8221;][vc_column]<h3 class=\"sohohotel-title-25px sohohotel-clearfix sohohotel-title-center\">Adja le felt\u00e9teles foglal\u00e1s\u00e1t online!<\/h3>[vc_column_text]Mind az 5 apartmanunk oldal\u00e1n l\u00e9trehoztunk egy-egy online foglal\u00e1si napt\u00e1rat, ahol ellen\u0151rizheti, hogy mely id\u0151szakok szabadok \u00e9s leadhatja felt\u00e9teles foglal\u00e1s\u00e1t a k\u00edv\u00e1nt id\u0151szakra.\u00a0A pirossal jelzett id\u0151szakok m\u00e1r nem el\u00e9rhet\u0151k. Az egy\u00e9b id\u0151szakokat felt\u00e9telesen lefoglalhatja. A foglal\u00e1sok az \u00e9rdekl\u0151d\u00e9sek be\u00e9rkez\u00e9s\u00e9nek sorrendj\u00e9ben, a foglal\u00f3 befizet\u00e9s\u00e9vel v\u00e9gleges\u00edthet\u0151k. K\u00e9rj\u00fck, egyszerre egy id\u0151szakot foglaljon![\/vc_column_text][vc_btn title=&#8221;Apartmanok&#8221; align=&#8221;center&#8221; i_icon_fontawesome=&#8221;fas fa-bed&#8221; add_icon=&#8221;true&#8221; link=&#8221;url:https%3A%2F%2Fvizparton.hu%2Fapartman%2F|title:Apartmanok&#8221;][\/vc_column][\/vc_row]<\/p>\n","protected":false},"excerpt":{"rendered":"<p>[vc_row][vc_column][vc_empty_space height=&#8221;35px&#8221;][\/vc_column][\/vc_row][vc_row fixed_width=&#8221;true&#8221;][vc_column width=&#8221;1\/2&#8243;][vc_column_text]Phone +36 20 231 1403\u00a0Lajos Csaba (on weekdays 9:00-18:00) +36 20 386 3711\u00a0L\u00e1szl\u00f3 Sz\u00e1day E-mail vizparton@vizparton.hu Address 8622 Sz\u00e1nt\u00f3d Parti Villasor 124\/B Location Arriving by car, on the southern coast of Lake Balaton from route 7 turn towards Tihany at Zam\u00e1rdi railway station and from the road leading to ferry (when the<\/p>\n<a href=\"https:\/\/vizparton.hu\/en\/contacts\/\" class=\"sohohotel-more-link\">Read More<\/a>","protected":false},"author":1,"featured_media":0,"parent":0,"menu_order":0,"comment_status":"closed","ping_status":"open","template":"","meta":{"footnotes":""},"class_list":["post-67","page","type-page","status-publish","hentry"],"yoast_head":"<!-- This site is optimized with the Yoast SEO plugin v26.8 - https:\/\/yoast.com\/product\/yoast-seo-wordpress\/ -->\n<title>Contacts - Balaton Apartman House in Sz\u00e1nt\u00f3d<\/title>\n<meta name=\"description\" content=\"Contacts for Balaton Apartment House in Sz\u00e1nt\u00f3d. By train, the apartment house is 2 km from Sz\u00e1nt\u00f3d station.\" \/>\n<meta name=\"robots\" content=\"index, follow, max-snippet:-1, max-image-preview:large, max-video-preview:-1\" \/>\n<link rel=\"canonical\" href=\"http:\/\/vizparton.hu\/en\/contacts\/\" \/>\n<meta property=\"og:locale\" content=\"en_GB\" \/>\n<meta property=\"og:type\" content=\"article\" \/>\n<meta property=\"og:title\" content=\"Contacts - Balaton Apartman House in Sz\u00e1nt\u00f3d\" \/>\n<meta property=\"og:description\" content=\"Contacts for Balaton Apartment House in Sz\u00e1nt\u00f3d. By train, the apartment house is 2 km from Sz\u00e1nt\u00f3d station.\" \/>\n<meta property=\"og:url\" content=\"http:\/\/vizparton.hu\/en\/contacts\/\" \/>\n<meta property=\"og:site_name\" content=\"Balaton Apartman House in Sz\u00e1nt\u00f3d\" \/>\n<meta property=\"article:modified_time\" content=\"2022-02-09T09:55:44+00:00\" \/>\n<meta name=\"twitter:card\" content=\"summary_large_image\" \/>\n<meta name=\"twitter:label1\" content=\"Estimated reading time\" \/>\n\t<meta name=\"twitter:data1\" content=\"2 minutes\" \/>\n<script type=\"application\/ld+json\" class=\"yoast-schema-graph\">{\"@context\":\"https:\/\/schema.org\",\"@graph\":[{\"@type\":\"WebPage\",\"@id\":\"http:\/\/vizparton.hu\/en\/contacts\/\",\"url\":\"http:\/\/vizparton.hu\/en\/contacts\/\",\"name\":\"Contacts - Balaton Apartman House in Sz\u00e1nt\u00f3d\",\"isPartOf\":{\"@id\":\"https:\/\/vizparton.hu\/en\/#website\"},\"datePublished\":\"2015-05-29T14:08:34+00:00\",\"dateModified\":\"2022-02-09T09:55:44+00:00\",\"description\":\"Contacts for Balaton Apartment House in Sz\u00e1nt\u00f3d. By train, the apartment house is 2 km from Sz\u00e1nt\u00f3d station.\",\"breadcrumb\":{\"@id\":\"http:\/\/vizparton.hu\/en\/contacts\/#breadcrumb\"},\"inLanguage\":\"en-GB\",\"potentialAction\":[{\"@type\":\"ReadAction\",\"target\":[\"http:\/\/vizparton.hu\/en\/contacts\/\"]}]},{\"@type\":\"BreadcrumbList\",\"@id\":\"http:\/\/vizparton.hu\/en\/contacts\/#breadcrumb\",\"itemListElement\":[{\"@type\":\"ListItem\",\"position\":1,\"name\":\"Home\",\"item\":\"https:\/\/vizparton.hu\/en\/\"},{\"@type\":\"ListItem\",\"position\":2,\"name\":\"Contacts\"}]},{\"@type\":\"WebSite\",\"@id\":\"https:\/\/vizparton.hu\/en\/#website\",\"url\":\"https:\/\/vizparton.hu\/en\/\",\"name\":\"Balaton Apartman House in Sz\u00e1nt\u00f3d\",\"description\":\"Direct lakeside, modern, air-conditioned, equipped apartments\",\"potentialAction\":[{\"@type\":\"SearchAction\",\"target\":{\"@type\":\"EntryPoint\",\"urlTemplate\":\"https:\/\/vizparton.hu\/en\/?s={search_term_string}\"},\"query-input\":{\"@type\":\"PropertyValueSpecification\",\"valueRequired\":true,\"valueName\":\"search_term_string\"}}],\"inLanguage\":\"en-GB\"}]}<\/script>\n<!-- \/ Yoast SEO plugin. -->","yoast_head_json":{"title":"Contacts - Balaton Apartman House in Sz\u00e1nt\u00f3d","description":"Contacts for Balaton Apartment House in Sz\u00e1nt\u00f3d. By train, the apartment house is 2 km from Sz\u00e1nt\u00f3d station.","robots":{"index":"index","follow":"follow","max-snippet":"max-snippet:-1","max-image-preview":"max-image-preview:large","max-video-preview":"max-video-preview:-1"},"canonical":"http:\/\/vizparton.hu\/en\/contacts\/","og_locale":"en_GB","og_type":"article","og_title":"Contacts - Balaton Apartman House in Sz\u00e1nt\u00f3d","og_description":"Contacts for Balaton Apartment House in Sz\u00e1nt\u00f3d. By train, the apartment house is 2 km from Sz\u00e1nt\u00f3d station.","og_url":"http:\/\/vizparton.hu\/en\/contacts\/","og_site_name":"Balaton Apartman House in Sz\u00e1nt\u00f3d","article_modified_time":"2022-02-09T09:55:44+00:00","twitter_card":"summary_large_image","twitter_misc":{"Estimated reading time":"2 minutes"},"schema":{"@context":"https:\/\/schema.org","@graph":[{"@type":"WebPage","@id":"http:\/\/vizparton.hu\/en\/contacts\/","url":"http:\/\/vizparton.hu\/en\/contacts\/","name":"Contacts - Balaton Apartman House in Sz\u00e1nt\u00f3d","isPartOf":{"@id":"https:\/\/vizparton.hu\/en\/#website"},"datePublished":"2015-05-29T14:08:34+00:00","dateModified":"2022-02-09T09:55:44+00:00","description":"Contacts for Balaton Apartment House in Sz\u00e1nt\u00f3d. By train, the apartment house is 2 km from Sz\u00e1nt\u00f3d station.","breadcrumb":{"@id":"http:\/\/vizparton.hu\/en\/contacts\/#breadcrumb"},"inLanguage":"en-GB","potentialAction":[{"@type":"ReadAction","target":["http:\/\/vizparton.hu\/en\/contacts\/"]}]},{"@type":"BreadcrumbList","@id":"http:\/\/vizparton.hu\/en\/contacts\/#breadcrumb","itemListElement":[{"@type":"ListItem","position":1,"name":"Home","item":"https:\/\/vizparton.hu\/en\/"},{"@type":"ListItem","position":2,"name":"Contacts"}]},{"@type":"WebSite","@id":"https:\/\/vizparton.hu\/en\/#website","url":"https:\/\/vizparton.hu\/en\/","name":"Balaton Apartman House in Sz\u00e1nt\u00f3d","description":"Direct lakeside, modern, air-conditioned, equipped apartments","potentialAction":[{"@type":"SearchAction","target":{"@type":"EntryPoint","urlTemplate":"https:\/\/vizparton.hu\/en\/?s={search_term_string}"},"query-input":{"@type":"PropertyValueSpecification","valueRequired":true,"valueName":"search_term_string"}}],"inLanguage":"en-GB"}]}},"_links":{"self":[{"href":"https:\/\/vizparton.hu\/en\/wp-json\/wp\/v2\/pages\/67","targetHints":{"allow":["GET"]}}],"collection":[{"href":"https:\/\/vizparton.hu\/en\/wp-json\/wp\/v2\/pages"}],"about":[{"href":"https:\/\/vizparton.hu\/en\/wp-json\/wp\/v2\/types\/page"}],"author":[{"embeddable":true,"href":"https:\/\/vizparton.hu\/en\/wp-json\/wp\/v2\/users\/1"}],"replies":[{"embeddable":true,"href":"https:\/\/vizparton.hu\/en\/wp-json\/wp\/v2\/comments?post=67"}],"version-history":[{"count":19,"href":"https:\/\/vizparton.hu\/en\/wp-json\/wp\/v2\/pages\/67\/revisions"}],"predecessor-version":[{"id":638,"href":"https:\/\/vizparton.hu\/en\/wp-json\/wp\/v2\/pages\/67\/revisions\/638"}],"wp:attachment":[{"href":"https:\/\/vizparton.hu\/en\/wp-json\/wp\/v2\/media?parent=67"}],"curies":[{"name":"wp","href":"https:\/\/api.w.org\/{rel}","templated":true}]}}