{"id":67,"date":"2015-05-29T14:08:34","date_gmt":"2015-05-29T14:08:34","guid":{"rendered":"http:\/\/vizparton.hu\/?page_id=67"},"modified":"2022-01-17T15:04:55","modified_gmt":"2022-01-17T15:04:55","slug":"zuganglichkeiten","status":"publish","type":"page","link":"https:\/\/vizparton.hu\/de\/zuganglichkeiten\/","title":{"rendered":"Kontakt"},"content":{"rendered":"<p>[vc_row][vc_column][vc_empty_space height=&#8221;35px&#8221;]<h3 class=\"sohohotel-title-25px sohohotel-clearfix sohohotel-title-center\">Kontaktdaten von Balaton Apartmanhaus<\/h3>[\/vc_column][\/vc_row][vc_row fixed_width=&#8221;true&#8221;][vc_column width=&#8221;1\/2&#8243;]<h3 class=\"sohohotel-title-20px sohohotel-clearfix sohohotel-title-left\">Telefonnummer, E-Mail<\/h3>[vc_column_text]<strong>Telefon<\/strong><br \/>\n<a href=\"tel:+36202311403\">+36 20 231 1403<\/a> Lajos Csaba (werktags 9:00-21:00)<br \/>\n<a href=\"tel:+36203863711\">+36 20 386 3711<\/a> L\u00e1szl\u00f3 Sz\u00e1day<\/p>\n<p><strong>E-mail<\/strong><br \/>\n<a href=\"mailto:vizparton@vizparton.hu\">vizparton@vizparton.hu<\/a><\/p>\n<p><strong>Adresse der Apartments:<\/strong><br \/>\n8622 Sz\u00e1nt\u00f3d Parti Villasor 124\/B<\/p>\n<p><strong>So finden Sie uns<\/strong><br \/>\nMit dem Pkw fahren Sie von der Autobahn M7 auf die Hauptstra\u00dfe 7. Von der Hauptstra\u00dfe 7 fahren Sie am Bahnhof von Zam\u00e1rdi in Richtung Tihany und von der zur F\u00e4hre f\u00fchrenden Stra\u00dfe (wenn das Wasser und die F\u00e4hre vor Ihnen liegen) biegen Sie nach links ab. Das ist die Stra\u00dfe Parti Villasor. Hier rechts das zweite Tor ist unsere Einfahrt.<\/p>\n<p>Bei einer Anreise mit der Bahn befindet sich das Apartmenthaus vom Bahnhof Sz\u00e1nt\u00f3d etwa 2 km entfernt.[\/vc_column_text][vc_empty_space height=&#8221;35px&#8221;][\/vc_column][vc_column width=&#8221;1\/2&#8243;]<h3 class=\"sohohotel-title-20px sohohotel-clearfix sohohotel-title-left\">Kontaktieren Sie uns und fordern Sie ein Angebot \u00fcber das untenstehende Formular an!<\/h3>\n<div class=\"wpcf7 no-js\" id=\"wpcf7-f634-o1\" lang=\"hu-HU\" dir=\"ltr\" data-wpcf7-id=\"634\">\n<div class=\"screen-reader-response\"><p role=\"status\" aria-live=\"polite\" aria-atomic=\"true\"><\/p> <ul><\/ul><\/div>\n<form action=\"\/de\/wp-json\/wp\/v2\/pages\/67#wpcf7-f634-o1\" method=\"post\" class=\"wpcf7-form init\" aria-label=\"Kapcsolatfelv\u00e9teli \u0171rlap\" novalidate=\"novalidate\" data-status=\"init\">\n<fieldset class=\"hidden-fields-container\"><input type=\"hidden\" name=\"_wpcf7\" value=\"634\" \/><input type=\"hidden\" name=\"_wpcf7_version\" value=\"6.1.5\" \/><input type=\"hidden\" name=\"_wpcf7_locale\" value=\"hu_HU\" \/><input type=\"hidden\" name=\"_wpcf7_unit_tag\" value=\"wpcf7-f634-o1\" \/><input type=\"hidden\" name=\"_wpcf7_container_post\" value=\"0\" \/><input type=\"hidden\" name=\"_wpcf7_posted_data_hash\" value=\"\" \/>\n<\/fieldset>\n<p>Name (Pflichtfeld)\n<\/p>\n<p><span class=\"wpcf7-form-control-wrap\" data-name=\"your-name\"><input size=\"40\" maxlength=\"400\" class=\"wpcf7-form-control wpcf7-text wpcf7-validates-as-required\" aria-required=\"true\" aria-invalid=\"false\" value=\"\" type=\"text\" name=\"your-name\" \/><\/span>\n<\/p>\n<p>E-mail-Adresse (Pflichtfeld)\n<\/p>\n<p><span class=\"wpcf7-form-control-wrap\" data-name=\"your-email\"><input size=\"40\" maxlength=\"400\" class=\"wpcf7-form-control wpcf7-email wpcf7-validates-as-required wpcf7-text wpcf7-validates-as-email\" aria-required=\"true\" aria-invalid=\"false\" value=\"\" type=\"email\" name=\"your-email\" \/><\/span>\n<\/p>\n<p>Betreff\n<\/p>\n<p><span class=\"wpcf7-form-control-wrap\" data-name=\"your-subject\"><input size=\"40\" maxlength=\"400\" class=\"wpcf7-form-control wpcf7-text\" aria-invalid=\"false\" value=\"\" type=\"text\" name=\"your-subject\" \/><\/span>\n<\/p>\n<p>Nachricht\n<\/p>\n<p><span class=\"wpcf7-form-control-wrap\" data-name=\"your-message\"><textarea cols=\"40\" rows=\"10\" maxlength=\"2000\" class=\"wpcf7-form-control wpcf7-textarea\" aria-invalid=\"false\" name=\"your-message\"><\/textarea><\/span>\n<\/p>\n<p><input class=\"wpcf7-form-control wpcf7-submit has-spinner\" type=\"submit\" value=\"Senden\" \/>\n<\/p><div class=\"wpcf7-response-output\" aria-hidden=\"true\"><\/div>\n<\/form>\n<\/div>\n[\/vc_column][\/vc_row][vc_row css=&#8221;.vc_custom_1625655823267{margin-top: 0px !important;margin-right: 0px !important;margin-bottom: 0px !important;margin-left: 0px !important;border-top-width: 0px !important;border-right-width: 0px !important;border-bottom-width: 0px !important;border-left-width: 0px !important;padding-top: 0px !important;padding-right: 0px !important;padding-bottom: 0px !important;padding-left: 0px !important;}&#8221;][vc_column css=&#8221;.vc_custom_1625655832067{margin-top: 0px !important;margin-right: 0px !important;margin-bottom: 0px !important;margin-left: 0px !important;border-top-width: 0px !important;border-right-width: 0px !important;border-bottom-width: 0px !important;border-left-width: 0px !important;padding-top: 0px !important;padding-right: 0px !important;padding-bottom: 0px !important;padding-left: 0px !important;}&#8221;]\t\n\t\t\n\t\t\n\t<!-- BEGIN #google-map -->\n\t<div id=\"google-map-1\" style=\"width: 100%;height: 540px;\"><\/div>\n\n\t<script type=\"text\/javascript\">\n\n\t\tfunction initialize() {\n\n\t\t\t\/\/ Set Location\n\t\t\tvar myLatlng = new google.maps.LatLng(46.877475328967336,17.90487400846116);\n\n\t\t\t\/\/ Set Style\n\t\t\tvar styles = [\n\t\t\t    {\n\t\t\t      stylers: [\n\t\t\t        { hue: \"#b99470\" },\n\t\t\t        { saturation: -50 }\n\t\t\t      ]\n\t\t\t    },{\n\t\t\t      featureType: \"road\",\n\t\t\t      elementType: \"geometry\",\n\t\t\t      stylers: [\n\t\t\t        { lightness: 100 },\n\t\t\t        { visibility: \"simplified\" }\n\t\t\t      ]\n\t\t\t    },{\n\t\t\t      featureType: \"road\",\n\t\t\t      elementType: \"labels\",\n\t\t\t      stylers: [\n\t\t\t        { visibility: \"off\" }\n\t\t\t      ]\n\t\t\t    }\n\t\t\t  ];\n\n\t\t\t\/\/ Set Map Options\n\t\t\tvar mapOptions = {\n\t\t\t\tmapTypeControlOptions: {\n\t\t\t\t\tmapTypeIds: ['Styled']\n\t\t\t\t},\n\t\t\t\tcenter: myLatlng,\n\t\t\t\tzoom: 14,\n\t\t\t\tmapTypeId: 'Styled',\n\t\t\t\tscrollwheel: false,\n\t\t\t\tscaleControl: false,\n\t\t\t\tdisableDefaultUI: false\n\t\t\t};\n\n\t\t\t\/\/ Build Map\n\t\t\tvar map = new google.maps.Map(document.getElementById('google-map-1'), mapOptions);\n\t\t\tvar styledMapType = new google.maps.StyledMapType(styles, { name: 'Styled' });\n\t\t\tmap.mapTypes.set('Styled', styledMapType);\n\n\t\t\t\/\/ Set Map Marker\n\t\t\tvar contentString = 'Balaton Apartmanh\u00e1z';\n\t\t\tvar infowindow = new google.maps.InfoWindow({\n\t\t\t\tcontent: contentString\n\t\t\t});\n\t\t\t\n\t\t\tvar marker = new google.maps.Marker({\n\t\t\t\tposition: myLatlng,\n\t\t\t\tmap: map,\n\t\t\t\ticon: {\n\t\t\t\t\tpath: google.maps.SymbolPath.CIRCLE,\n\t\t\t\t\tfillColor: '#fff',\n\t\t\t\t\tfillOpacity: 0,\n\t\t\t\t\tstrokeWeight: 0,\n\t\t\t\t\tscale: 15\n\t\t\t\t},\n\t\t\t\tlabel: {\n\t\t\t\t\tfontFamily: \"'Font Awesome 5 Free'\",\n\t\t\t\t\tfontWeight: '900',\n\t\t\t\t\ttext: eval(\"'\\\\u\"+'f3c5'+\"'\"),\n\t\t\t\t\tcolor: '#b99470',\n\t\t\t\t\tfontSize: \"40px\"\n\t\t\t\t}\n\t\t\t});\n\n\t\t\t\/\/ Display Map Marker\n\t\t\tgoogle.maps.event.addListener(marker, 'click', function() {\n\t\t\t\tinfowindow.open(map,marker);\n\t\t\t});\n\n\t\t}\n\n\t\t\/\/ Display Map\n\t\tgoogle.maps.event.addDomListener(window, 'load', initialize);\n\n\t<\/script>\n\t\n\t\n\t[\/vc_column][\/vc_row][vc_row disable_element=&#8221;yes&#8221;][vc_column]<h3 class=\"sohohotel-title-25px sohohotel-clearfix sohohotel-title-center\">Platzieren Sie Ihre bedingte Reservierung online!<\/h3>[vc_column_text]Wir haben f\u00fcr jede unserer 5 Apartmentseiten einen Online-Buchungskalender erstellt, wo Sie den aktuellen Besetztstatus im Kalender einsehen k\u00f6nnen. Rot markierte Zeitr\u00e4ume sind nicht mehr verf\u00fcgbar. Andere Zeitr\u00e4ume k\u00f6nnen Sie unter Vorbehalt buchen. Reservierungen k\u00f6nnen in der Reihenfolge des Anfrageneingangs durch Zahlung der Anzahlung abgeschlossen werden. Bitte buchen Sie jeweils einen Zeitraum. Der Belegungskalender zeigt die gebuchten N\u00e4chte. Bitte geben Sie Ihre Buchungsanfrage auf die gleiche Weise ein![\/vc_column_text][vc_btn title=&#8221;Apartmente&#8221; align=&#8221;center&#8221; i_icon_fontawesome=&#8221;fas fa-bed&#8221; add_icon=&#8221;true&#8221; link=&#8221;url:https%3A%2F%2Fvizparton.hu%2Fapartman%2F|title:Apartments&#8221;][\/vc_column][\/vc_row]<\/p>\n","protected":false},"excerpt":{"rendered":"<p>[vc_row][vc_column][vc_empty_space height=&#8221;35px&#8221;][\/vc_column][\/vc_row][vc_row fixed_width=&#8221;true&#8221;][vc_column width=&#8221;1\/2&#8243;][vc_column_text]Telefon +36 20 231 1403 Lajos Csaba (werktags 9:00-21:00) +36 20 386 3711 L\u00e1szl\u00f3 Sz\u00e1day E-mail vizparton@vizparton.hu Adresse der Apartments: 8622 Sz\u00e1nt\u00f3d Parti Villasor 124\/B So finden Sie uns Mit dem Pkw fahren Sie von der Autobahn M7 auf die Hauptstra\u00dfe 7. Von der Hauptstra\u00dfe 7 fahren Sie am Bahnhof von Zam\u00e1rdi<\/p>\n<a href=\"https:\/\/vizparton.hu\/de\/zuganglichkeiten\/\" class=\"sohohotel-more-link\">Read More<\/a>","protected":false},"author":1,"featured_media":0,"parent":0,"menu_order":0,"comment_status":"closed","ping_status":"open","template":"","meta":{"footnotes":""},"class_list":["post-67","page","type-page","status-publish","hentry"],"yoast_head":"<!-- This site is optimized with the Yoast SEO plugin v26.8 - https:\/\/yoast.com\/product\/yoast-seo-wordpress\/ -->\n<title>Kontakt - Balaton Apartmenthaus in Sz\u00e1nt\u00f3d<\/title>\n<meta name=\"description\" content=\"Kontakt Balaton Apartmanhaus: +36 20 231 1403+36 20 386 3711; vizparton@vizparton.hu; 8622 Sz\u00e1nt\u00f3d Parti Villasor 124\/B\" \/>\n<meta name=\"robots\" content=\"index, follow, max-snippet:-1, max-image-preview:large, max-video-preview:-1\" \/>\n<link rel=\"canonical\" href=\"https:\/\/vizparton.hu\/de\/zuganglichkeiten\/\" \/>\n<meta property=\"og:locale\" content=\"de_DE\" \/>\n<meta property=\"og:type\" content=\"article\" \/>\n<meta property=\"og:title\" content=\"Kontakt - Balaton Apartmenthaus in Sz\u00e1nt\u00f3d\" \/>\n<meta property=\"og:description\" content=\"Kontakt Balaton Apartmanhaus: +36 20 231 1403+36 20 386 3711; vizparton@vizparton.hu; 8622 Sz\u00e1nt\u00f3d Parti Villasor 124\/B\" \/>\n<meta property=\"og:url\" content=\"https:\/\/vizparton.hu\/de\/zuganglichkeiten\/\" \/>\n<meta property=\"og:site_name\" content=\"Balaton Apartmenthaus in Sz\u00e1nt\u00f3d\" \/>\n<meta property=\"article:modified_time\" content=\"2022-01-17T15:04:55+00:00\" \/>\n<meta name=\"twitter:card\" content=\"summary_large_image\" \/>\n<meta name=\"twitter:label1\" content=\"Gesch\u00e4tzte Lesezeit\" \/>\n\t<meta name=\"twitter:data1\" content=\"2\u00a0Minuten\" \/>\n<script type=\"application\/ld+json\" class=\"yoast-schema-graph\">{\"@context\":\"https:\/\/schema.org\",\"@graph\":[{\"@type\":\"WebPage\",\"@id\":\"https:\/\/vizparton.hu\/de\/zuganglichkeiten\/\",\"url\":\"https:\/\/vizparton.hu\/de\/zuganglichkeiten\/\",\"name\":\"Kontakt - Balaton Apartmenthaus in Sz\u00e1nt\u00f3d\",\"isPartOf\":{\"@id\":\"http:\/\/vizparton.hu\/de\/#website\"},\"datePublished\":\"2015-05-29T14:08:34+00:00\",\"dateModified\":\"2022-01-17T15:04:55+00:00\",\"description\":\"Kontakt Balaton Apartmanhaus: +36 20 231 1403+36 20 386 3711; vizparton@vizparton.hu; 8622 Sz\u00e1nt\u00f3d Parti Villasor 124\/B\",\"breadcrumb\":{\"@id\":\"https:\/\/vizparton.hu\/de\/zuganglichkeiten\/#breadcrumb\"},\"inLanguage\":\"de\",\"potentialAction\":[{\"@type\":\"ReadAction\",\"target\":[\"https:\/\/vizparton.hu\/de\/zuganglichkeiten\/\"]}]},{\"@type\":\"BreadcrumbList\",\"@id\":\"https:\/\/vizparton.hu\/de\/zuganglichkeiten\/#breadcrumb\",\"itemListElement\":[{\"@type\":\"ListItem\",\"position\":1,\"name\":\"Home\",\"item\":\"http:\/\/vizparton.hu\/de\/\"},{\"@type\":\"ListItem\",\"position\":2,\"name\":\"Kontakt\"}]},{\"@type\":\"WebSite\",\"@id\":\"http:\/\/vizparton.hu\/de\/#website\",\"url\":\"http:\/\/vizparton.hu\/de\/\",\"name\":\"Balaton Apartmenthaus in Sz\u00e1nt\u00f3d\",\"description\":\"direkt beim See\",\"potentialAction\":[{\"@type\":\"SearchAction\",\"target\":{\"@type\":\"EntryPoint\",\"urlTemplate\":\"http:\/\/vizparton.hu\/de\/?s={search_term_string}\"},\"query-input\":{\"@type\":\"PropertyValueSpecification\",\"valueRequired\":true,\"valueName\":\"search_term_string\"}}],\"inLanguage\":\"de\"}]}<\/script>\n<!-- \/ Yoast SEO plugin. -->","yoast_head_json":{"title":"Kontakt - Balaton Apartmenthaus in Sz\u00e1nt\u00f3d","description":"Kontakt Balaton Apartmanhaus: +36 20 231 1403+36 20 386 3711; vizparton@vizparton.hu; 8622 Sz\u00e1nt\u00f3d Parti Villasor 124\/B","robots":{"index":"index","follow":"follow","max-snippet":"max-snippet:-1","max-image-preview":"max-image-preview:large","max-video-preview":"max-video-preview:-1"},"canonical":"https:\/\/vizparton.hu\/de\/zuganglichkeiten\/","og_locale":"de_DE","og_type":"article","og_title":"Kontakt - Balaton Apartmenthaus in Sz\u00e1nt\u00f3d","og_description":"Kontakt Balaton Apartmanhaus: +36 20 231 1403+36 20 386 3711; vizparton@vizparton.hu; 8622 Sz\u00e1nt\u00f3d Parti Villasor 124\/B","og_url":"https:\/\/vizparton.hu\/de\/zuganglichkeiten\/","og_site_name":"Balaton Apartmenthaus in Sz\u00e1nt\u00f3d","article_modified_time":"2022-01-17T15:04:55+00:00","twitter_card":"summary_large_image","twitter_misc":{"Gesch\u00e4tzte Lesezeit":"2\u00a0Minuten"},"schema":{"@context":"https:\/\/schema.org","@graph":[{"@type":"WebPage","@id":"https:\/\/vizparton.hu\/de\/zuganglichkeiten\/","url":"https:\/\/vizparton.hu\/de\/zuganglichkeiten\/","name":"Kontakt - Balaton Apartmenthaus in Sz\u00e1nt\u00f3d","isPartOf":{"@id":"http:\/\/vizparton.hu\/de\/#website"},"datePublished":"2015-05-29T14:08:34+00:00","dateModified":"2022-01-17T15:04:55+00:00","description":"Kontakt Balaton Apartmanhaus: +36 20 231 1403+36 20 386 3711; vizparton@vizparton.hu; 8622 Sz\u00e1nt\u00f3d Parti Villasor 124\/B","breadcrumb":{"@id":"https:\/\/vizparton.hu\/de\/zuganglichkeiten\/#breadcrumb"},"inLanguage":"de","potentialAction":[{"@type":"ReadAction","target":["https:\/\/vizparton.hu\/de\/zuganglichkeiten\/"]}]},{"@type":"BreadcrumbList","@id":"https:\/\/vizparton.hu\/de\/zuganglichkeiten\/#breadcrumb","itemListElement":[{"@type":"ListItem","position":1,"name":"Home","item":"http:\/\/vizparton.hu\/de\/"},{"@type":"ListItem","position":2,"name":"Kontakt"}]},{"@type":"WebSite","@id":"http:\/\/vizparton.hu\/de\/#website","url":"http:\/\/vizparton.hu\/de\/","name":"Balaton Apartmenthaus in Sz\u00e1nt\u00f3d","description":"direkt beim See","potentialAction":[{"@type":"SearchAction","target":{"@type":"EntryPoint","urlTemplate":"http:\/\/vizparton.hu\/de\/?s={search_term_string}"},"query-input":{"@type":"PropertyValueSpecification","valueRequired":true,"valueName":"search_term_string"}}],"inLanguage":"de"}]}},"_links":{"self":[{"href":"https:\/\/vizparton.hu\/de\/wp-json\/wp\/v2\/pages\/67","targetHints":{"allow":["GET"]}}],"collection":[{"href":"https:\/\/vizparton.hu\/de\/wp-json\/wp\/v2\/pages"}],"about":[{"href":"https:\/\/vizparton.hu\/de\/wp-json\/wp\/v2\/types\/page"}],"author":[{"embeddable":true,"href":"https:\/\/vizparton.hu\/de\/wp-json\/wp\/v2\/users\/1"}],"replies":[{"embeddable":true,"href":"https:\/\/vizparton.hu\/de\/wp-json\/wp\/v2\/comments?post=67"}],"version-history":[{"count":13,"href":"https:\/\/vizparton.hu\/de\/wp-json\/wp\/v2\/pages\/67\/revisions"}],"predecessor-version":[{"id":1088,"href":"https:\/\/vizparton.hu\/de\/wp-json\/wp\/v2\/pages\/67\/revisions\/1088"}],"wp:attachment":[{"href":"https:\/\/vizparton.hu\/de\/wp-json\/wp\/v2\/media?parent=67"}],"curies":[{"name":"wp","href":"https:\/\/api.w.org\/{rel}","templated":true}]}}