{"id":65,"date":"2015-05-29T14:08:19","date_gmt":"2015-05-29T14:08:19","guid":{"rendered":"http:\/\/vizparton.hu\/?page_id=65"},"modified":"2023-10-31T14:37:12","modified_gmt":"2023-10-31T14:37:12","slug":"galerie","status":"publish","type":"page","link":"https:\/\/vizparton.hu\/de\/galerie\/","title":{"rendered":"Erlebnisse (fotos)"},"content":{"rendered":"<p>[vc_row][vc_column][vc_empty_space]<h3 class=\"sohohotel-title-25px sohohotel-clearfix sohohotel-title-center\">Erlebnisse (fotos)<\/h3>[vc_empty_space][\/vc_column][\/vc_row][vc_row][vc_column]<h3 class=\"sohohotel-title-20px sohohotel-clearfix sohohotel-title-center\">Erhebende Umgebung<\/h3>[vc_gallery type=&#8221;image_grid&#8221; images=&#8221;1075,1127,1129,1155,1120,1074,1051,1071,1052,1070,1053,1069,1054,1068,1055,1067,1056,1066,1057,1065,1130,1058,1064,1059,1063,1060,1061,1128,1125,1124,1122,1121,1146,1148,1151&#8243; css_animation=&#8221;fadeIn&#8221;][vc_empty_space height=&#8221;30px&#8221;][\/vc_column][\/vc_row][vc_row][vc_column]<h3 class=\"sohohotel-title-20px sohohotel-clearfix sohohotel-title-center\">Wohnung G\u00e4nsebl\u00fcmchen<\/h3>[vc_gallery type=&#8221;image_grid&#8221; images=&#8221;1164,1166,1165,1160,1161,1162,1163,1032,1033,1157,1158,1159,1167,1031,1030&#8243; css_animation=&#8221;fadeIn&#8221;][vc_empty_space height=&#8221;30px&#8221;][\/vc_column][\/vc_row][vc_row][vc_column]<h3 class=\"sohohotel-title-20px sohohotel-clearfix sohohotel-title-center\">Wohnung Sonnenlicht<\/h3>[vc_gallery type=&#8221;image_grid&#8221; images=&#8221;1173,1024,1021,1020,1019,1016,1174,1172,1171,1170,1017,1015,1025&#8243; css_animation=&#8221;fadeIn&#8221;][vc_empty_space height=&#8221;30px&#8221;][\/vc_column][\/vc_row][vc_row][vc_column]<h3 class=\"sohohotel-title-20px sohohotel-clearfix sohohotel-title-center\">Wohnung Feuerlilie<\/h3>[vc_gallery type=&#8221;image_grid&#8221; images=&#8221;1178,1180,1177,1008,1175,1176,1005,1181,1182,1000,999,1004,1003,1006&#8243; css_animation=&#8221;fadeIn&#8221;][vc_empty_space height=&#8221;30px&#8221;][\/vc_column][\/vc_row][vc_row][vc_column]<h3 class=\"sohohotel-title-20px sohohotel-clearfix sohohotel-title-center\">Wohnung Sonnenuntergang<\/h3>[vc_gallery type=&#8221;image_grid&#8221; images=&#8221;1187,1191,1189,1184,1188,1183,1185,1186,995,991&#8243; css_animation=&#8221;fadeIn&#8221;][vc_empty_space height=&#8221;30px&#8221;][\/vc_column][\/vc_row][vc_row][vc_column]<h3 class=\"sohohotel-title-20px sohohotel-clearfix sohohotel-title-center\">Wohnung Sonnenblume<\/h3>[vc_gallery type=&#8221;image_grid&#8221; images=&#8221;1193,1196,1195,981,1194,1198,982,983,986,1192,1197,985,987,980&#8243; css_animation=&#8221;fadeIn&#8221;][vc_empty_space height=&#8221;30px&#8221;][\/vc_column][\/vc_row]<\/p>\n","protected":false},"excerpt":{"rendered":"<p>[vc_row][vc_column][vc_empty_space][vc_empty_space][\/vc_column][\/vc_row][vc_row][vc_column][vc_gallery type=&#8221;image_grid&#8221; images=&#8221;1075,1127,1129,1155,1120,1074,1051,1071,1052,1070,1053,1069,1054,1068,1055,1067,1056,1066,1057,1065,1130,1058,1064,1059,1063,1060,1061,1128,1125,1124,1122,1121,1146,1148,1151&#8243; css_animation=&#8221;fadeIn&#8221;][vc_empty_space height=&#8221;30px&#8221;][\/vc_column][\/vc_row][vc_row][vc_column][vc_gallery type=&#8221;image_grid&#8221; images=&#8221;1164,1166,1165,1160,1161,1162,1163,1032,1033,1157,1158,1159,1167,1031,1030&#8243; css_animation=&#8221;fadeIn&#8221;][vc_empty_space height=&#8221;30px&#8221;][\/vc_column][\/vc_row][vc_row][vc_column][vc_gallery type=&#8221;image_grid&#8221; images=&#8221;1173,1024,1021,1020,1019,1016,1174,1172,1171,1170,1017,1015,1025&#8243; css_animation=&#8221;fadeIn&#8221;][vc_empty_space height=&#8221;30px&#8221;][\/vc_column][\/vc_row][vc_row][vc_column][vc_gallery type=&#8221;image_grid&#8221; images=&#8221;1178,1180,1177,1008,1175,1176,1005,1181,1182,1000,999,1004,1003,1006&#8243; css_animation=&#8221;fadeIn&#8221;][vc_empty_space height=&#8221;30px&#8221;][\/vc_column][\/vc_row][vc_row][vc_column][vc_gallery type=&#8221;image_grid&#8221; images=&#8221;1187,1191,1189,1184,1188,1183,1185,1186,995,991&#8243; css_animation=&#8221;fadeIn&#8221;][vc_empty_space height=&#8221;30px&#8221;][\/vc_column][\/vc_row][vc_row][vc_column][vc_gallery type=&#8221;image_grid&#8221; images=&#8221;1193,1196,1195,981,1194,1198,982,983,986,1192,1197,985,987,980&#8243; css_animation=&#8221;fadeIn&#8221;][vc_empty_space height=&#8221;30px&#8221;][\/vc_column][\/vc_row]<\/p>\n<a href=\"https:\/\/vizparton.hu\/de\/galerie\/\" class=\"sohohotel-more-link\">Read More<\/a>","protected":false},"author":1,"featured_media":0,"parent":0,"menu_order":0,"comment_status":"closed","ping_status":"open","template":"","meta":{"footnotes":""},"class_list":["post-65","page","type-page","status-publish","hentry"],"yoast_head":"<!-- This site is optimized with the Yoast SEO plugin v26.8 - https:\/\/yoast.com\/product\/yoast-seo-wordpress\/ -->\n<title>Erlebnisse (fotos) - Balaton Apartmenthaus in Sz\u00e1nt\u00f3d<\/title>\n<meta name=\"robots\" content=\"index, follow, max-snippet:-1, max-image-preview:large, max-video-preview:-1\" \/>\n<link rel=\"canonical\" href=\"http:\/\/vizparton.hu\/de\/galerie\/\" \/>\n<meta property=\"og:locale\" content=\"de_DE\" \/>\n<meta property=\"og:type\" content=\"article\" \/>\n<meta property=\"og:title\" content=\"Erlebnisse (fotos) - Balaton Apartmenthaus in Sz\u00e1nt\u00f3d\" \/>\n<meta property=\"og:description\" content=\"[vc_row][vc_column][vc_empty_space][vc_empty_space][\/vc_column][\/vc_row][vc_row][vc_column][vc_gallery type=&#8221;image_grid&#8221; images=&#8221;1075,1127,1129,1155,1120,1074,1051,1071,1052,1070,1053,1069,1054,1068,1055,1067,1056,1066,1057,1065,1130,1058,1064,1059,1063,1060,1061,1128,1125,1124,1122,1121,1146,1148,1151&#8243; css_animation=&#8221;fadeIn&#8221;][vc_empty_space height=&#8221;30px&#8221;][\/vc_column][\/vc_row][vc_row][vc_column][vc_gallery type=&#8221;image_grid&#8221; images=&#8221;1164,1166,1165,1160,1161,1162,1163,1032,1033,1157,1158,1159,1167,1031,1030&#8243; css_animation=&#8221;fadeIn&#8221;][vc_empty_space height=&#8221;30px&#8221;][\/vc_column][\/vc_row][vc_row][vc_column][vc_gallery type=&#8221;image_grid&#8221; images=&#8221;1173,1024,1021,1020,1019,1016,1174,1172,1171,1170,1017,1015,1025&#8243; css_animation=&#8221;fadeIn&#8221;][vc_empty_space height=&#8221;30px&#8221;][\/vc_column][\/vc_row][vc_row][vc_column][vc_gallery type=&#8221;image_grid&#8221; images=&#8221;1178,1180,1177,1008,1175,1176,1005,1181,1182,1000,999,1004,1003,1006&#8243; css_animation=&#8221;fadeIn&#8221;][vc_empty_space height=&#8221;30px&#8221;][\/vc_column][\/vc_row][vc_row][vc_column][vc_gallery type=&#8221;image_grid&#8221; images=&#8221;1187,1191,1189,1184,1188,1183,1185,1186,995,991&#8243; css_animation=&#8221;fadeIn&#8221;][vc_empty_space height=&#8221;30px&#8221;][\/vc_column][\/vc_row][vc_row][vc_column][vc_gallery type=&#8221;image_grid&#8221; images=&#8221;1193,1196,1195,981,1194,1198,982,983,986,1192,1197,985,987,980&#8243; css_animation=&#8221;fadeIn&#8221;][vc_empty_space height=&#8221;30px&#8221;][\/vc_column][\/vc_row]\" \/>\n<meta property=\"og:url\" content=\"http:\/\/vizparton.hu\/de\/galerie\/\" \/>\n<meta property=\"og:site_name\" content=\"Balaton Apartmenthaus in Sz\u00e1nt\u00f3d\" \/>\n<meta property=\"article:modified_time\" content=\"2023-10-31T14:37:12+00:00\" \/>\n<meta name=\"twitter:card\" content=\"summary_large_image\" \/>\n<meta name=\"twitter:label1\" content=\"Gesch\u00e4tzte Lesezeit\" \/>\n\t<meta name=\"twitter:data1\" content=\"1\u00a0Minute\" \/>\n<script type=\"application\/ld+json\" class=\"yoast-schema-graph\">{\"@context\":\"https:\/\/schema.org\",\"@graph\":[{\"@type\":\"WebPage\",\"@id\":\"http:\/\/vizparton.hu\/de\/galerie\/\",\"url\":\"http:\/\/vizparton.hu\/de\/galerie\/\",\"name\":\"Erlebnisse (fotos) - Balaton Apartmenthaus in Sz\u00e1nt\u00f3d\",\"isPartOf\":{\"@id\":\"http:\/\/vizparton.hu\/de\/#website\"},\"datePublished\":\"2015-05-29T14:08:19+00:00\",\"dateModified\":\"2023-10-31T14:37:12+00:00\",\"breadcrumb\":{\"@id\":\"http:\/\/vizparton.hu\/de\/galerie\/#breadcrumb\"},\"inLanguage\":\"de\",\"potentialAction\":[{\"@type\":\"ReadAction\",\"target\":[\"http:\/\/vizparton.hu\/de\/galerie\/\"]}]},{\"@type\":\"BreadcrumbList\",\"@id\":\"http:\/\/vizparton.hu\/de\/galerie\/#breadcrumb\",\"itemListElement\":[{\"@type\":\"ListItem\",\"position\":1,\"name\":\"Home\",\"item\":\"http:\/\/vizparton.hu\/de\/\"},{\"@type\":\"ListItem\",\"position\":2,\"name\":\"Erlebnisse (fotos)\"}]},{\"@type\":\"WebSite\",\"@id\":\"http:\/\/vizparton.hu\/de\/#website\",\"url\":\"http:\/\/vizparton.hu\/de\/\",\"name\":\"Balaton Apartmenthaus in Sz\u00e1nt\u00f3d\",\"description\":\"direkt beim See\",\"potentialAction\":[{\"@type\":\"SearchAction\",\"target\":{\"@type\":\"EntryPoint\",\"urlTemplate\":\"http:\/\/vizparton.hu\/de\/?s={search_term_string}\"},\"query-input\":{\"@type\":\"PropertyValueSpecification\",\"valueRequired\":true,\"valueName\":\"search_term_string\"}}],\"inLanguage\":\"de\"}]}<\/script>\n<!-- \/ Yoast SEO plugin. -->","yoast_head_json":{"title":"Erlebnisse (fotos) - Balaton Apartmenthaus in Sz\u00e1nt\u00f3d","robots":{"index":"index","follow":"follow","max-snippet":"max-snippet:-1","max-image-preview":"max-image-preview:large","max-video-preview":"max-video-preview:-1"},"canonical":"http:\/\/vizparton.hu\/de\/galerie\/","og_locale":"de_DE","og_type":"article","og_title":"Erlebnisse (fotos) - Balaton Apartmenthaus in Sz\u00e1nt\u00f3d","og_description":"[vc_row][vc_column][vc_empty_space][vc_empty_space][\/vc_column][\/vc_row][vc_row][vc_column][vc_gallery type=&#8221;image_grid&#8221; images=&#8221;1075,1127,1129,1155,1120,1074,1051,1071,1052,1070,1053,1069,1054,1068,1055,1067,1056,1066,1057,1065,1130,1058,1064,1059,1063,1060,1061,1128,1125,1124,1122,1121,1146,1148,1151&#8243; css_animation=&#8221;fadeIn&#8221;][vc_empty_space height=&#8221;30px&#8221;][\/vc_column][\/vc_row][vc_row][vc_column][vc_gallery type=&#8221;image_grid&#8221; images=&#8221;1164,1166,1165,1160,1161,1162,1163,1032,1033,1157,1158,1159,1167,1031,1030&#8243; css_animation=&#8221;fadeIn&#8221;][vc_empty_space height=&#8221;30px&#8221;][\/vc_column][\/vc_row][vc_row][vc_column][vc_gallery type=&#8221;image_grid&#8221; images=&#8221;1173,1024,1021,1020,1019,1016,1174,1172,1171,1170,1017,1015,1025&#8243; css_animation=&#8221;fadeIn&#8221;][vc_empty_space height=&#8221;30px&#8221;][\/vc_column][\/vc_row][vc_row][vc_column][vc_gallery type=&#8221;image_grid&#8221; images=&#8221;1178,1180,1177,1008,1175,1176,1005,1181,1182,1000,999,1004,1003,1006&#8243; css_animation=&#8221;fadeIn&#8221;][vc_empty_space height=&#8221;30px&#8221;][\/vc_column][\/vc_row][vc_row][vc_column][vc_gallery type=&#8221;image_grid&#8221; images=&#8221;1187,1191,1189,1184,1188,1183,1185,1186,995,991&#8243; css_animation=&#8221;fadeIn&#8221;][vc_empty_space height=&#8221;30px&#8221;][\/vc_column][\/vc_row][vc_row][vc_column][vc_gallery type=&#8221;image_grid&#8221; images=&#8221;1193,1196,1195,981,1194,1198,982,983,986,1192,1197,985,987,980&#8243; css_animation=&#8221;fadeIn&#8221;][vc_empty_space height=&#8221;30px&#8221;][\/vc_column][\/vc_row]","og_url":"http:\/\/vizparton.hu\/de\/galerie\/","og_site_name":"Balaton Apartmenthaus in Sz\u00e1nt\u00f3d","article_modified_time":"2023-10-31T14:37:12+00:00","twitter_card":"summary_large_image","twitter_misc":{"Gesch\u00e4tzte Lesezeit":"1\u00a0Minute"},"schema":{"@context":"https:\/\/schema.org","@graph":[{"@type":"WebPage","@id":"http:\/\/vizparton.hu\/de\/galerie\/","url":"http:\/\/vizparton.hu\/de\/galerie\/","name":"Erlebnisse (fotos) - Balaton Apartmenthaus in Sz\u00e1nt\u00f3d","isPartOf":{"@id":"http:\/\/vizparton.hu\/de\/#website"},"datePublished":"2015-05-29T14:08:19+00:00","dateModified":"2023-10-31T14:37:12+00:00","breadcrumb":{"@id":"http:\/\/vizparton.hu\/de\/galerie\/#breadcrumb"},"inLanguage":"de","potentialAction":[{"@type":"ReadAction","target":["http:\/\/vizparton.hu\/de\/galerie\/"]}]},{"@type":"BreadcrumbList","@id":"http:\/\/vizparton.hu\/de\/galerie\/#breadcrumb","itemListElement":[{"@type":"ListItem","position":1,"name":"Home","item":"http:\/\/vizparton.hu\/de\/"},{"@type":"ListItem","position":2,"name":"Erlebnisse (fotos)"}]},{"@type":"WebSite","@id":"http:\/\/vizparton.hu\/de\/#website","url":"http:\/\/vizparton.hu\/de\/","name":"Balaton Apartmenthaus in Sz\u00e1nt\u00f3d","description":"direkt beim See","potentialAction":[{"@type":"SearchAction","target":{"@type":"EntryPoint","urlTemplate":"http:\/\/vizparton.hu\/de\/?s={search_term_string}"},"query-input":{"@type":"PropertyValueSpecification","valueRequired":true,"valueName":"search_term_string"}}],"inLanguage":"de"}]}},"_links":{"self":[{"href":"https:\/\/vizparton.hu\/de\/wp-json\/wp\/v2\/pages\/65","targetHints":{"allow":["GET"]}}],"collection":[{"href":"https:\/\/vizparton.hu\/de\/wp-json\/wp\/v2\/pages"}],"about":[{"href":"https:\/\/vizparton.hu\/de\/wp-json\/wp\/v2\/types\/page"}],"author":[{"embeddable":true,"href":"https:\/\/vizparton.hu\/de\/wp-json\/wp\/v2\/users\/1"}],"replies":[{"embeddable":true,"href":"https:\/\/vizparton.hu\/de\/wp-json\/wp\/v2\/comments?post=65"}],"version-history":[{"count":42,"href":"https:\/\/vizparton.hu\/de\/wp-json\/wp\/v2\/pages\/65\/revisions"}],"predecessor-version":[{"id":1199,"href":"https:\/\/vizparton.hu\/de\/wp-json\/wp\/v2\/pages\/65\/revisions\/1199"}],"wp:attachment":[{"href":"https:\/\/vizparton.hu\/de\/wp-json\/wp\/v2\/media?parent=65"}],"curies":[{"name":"wp","href":"https:\/\/api.w.org\/{rel}","templated":true}]}}