{"id":69,"date":"2015-05-29T14:08:42","date_gmt":"2015-05-29T14:08:42","guid":{"rendered":"http:\/\/vizparton.hu\/?page_id=69"},"modified":"2026-01-14T11:52:25","modified_gmt":"2026-01-14T11:52:25","slug":"preise","status":"publish","type":"page","link":"http:\/\/vizparton.hu\/de\/preise\/","title":{"rendered":"Preise"},"content":{"rendered":"<p>[vc_row el_class=&#8221;sohohotel-content-inner&#8221;][vc_column][vc_empty_space]<h3 class=\"sohohotel-title-25px sohohotel-clearfix sohohotel-title-center\">Wohnungspreise f\u00fcr 2026<\/h3>[vc_column_text]<\/p>\n<p style=\"text-align: center;\">Fragen Sie nach unseren anderen regelm\u00e4\u00dfigen Aktionen unter einer unserer Kontaktdaten!<\/p>\n<p>[\/vc_column_text]<h3 class=\"sohohotel-title-20px sohohotel-clearfix sohohotel-title-center\">Wohnungspreise f\u00fcr 2 + 2 Personen (obere Ebene)<\/h3>[vc_column_text]<\/p>\n<table>\n<tbody>\n<tr>\n<td style=\"text-align: center;\"><i class=\"fas fa-calendar\">\u00a0<\/i><\/td>\n<td style=\"text-align: center;\"><i class=\"fas fa-coins\">\u00a0<\/i><\/td>\n<td style=\"text-align: center;\"><i class=\"fas fa-info-circle\">\u00a0<\/i><\/td>\n<\/tr>\n<tr>\n<td style=\"text-align: center; line-height: 1.2; font-size: small;\">1. Januar &#8211; 30. April<\/td>\n<td style=\"text-align: center; line-height: 1.2; font-size: small;\">100 000 HUF\/Woche\/Wohnung<\/td>\n<td style=\"text-align: center; line-height: 1.2; font-size: small;\">min. 7 nacht<\/td>\n<\/tr>\n<tr>\n<td style=\"text-align: center; line-height: 1.2; font-size: small;\">1. Mai &#8211; 20. Juni<\/td>\n<td style=\"text-align: center; line-height: 1.2; font-size: small;\">25 000 HUF\/Nacht\/Wohnung, 100 000 HUF\/Woche\/Wohnung<\/td>\n<td style=\"text-align: center; line-height: 1.2; font-size: small;\">min 3 nacht<\/td>\n<\/tr>\n<tr>\n<td style=\"text-align: center; line-height: 1.2; font-size: small;\">21. Juni &#8211; 30. Juni<\/td>\n<td style=\"text-align: center; line-height: 1.2; font-size: small;\">45 000 HUF\/Nacht Wohnung<\/td>\n<td style=\"text-align: center; line-height: 1.2; font-size: small;\">min. 3 nacht<\/td>\n<\/tr>\n<tr>\n<td style=\"text-align: center; line-height: 1.2; font-size: small;\"><span style=\"color: #e8e8e8;\">&#8211;<\/span>1. Juli &#8211; 22. August<\/td>\n<td style=\"text-align: center; line-height: 1.5; font-size: small;\">60 000 HUF\/Nacht\/Wohnung<\/td>\n<td style=\"text-align: center; line-height: 1.5; font-size: small;\">min. 2 nacht<\/td>\n<\/tr>\n<tr>\n<td style=\"text-align: center; line-height: 1.2; font-size: small;\">23. August &#8211; 31. August<\/td>\n<td style=\"text-align: center; line-height: 1.2; font-size: small;\">45 000 HUF\/Nacht Wohnung<\/td>\n<td style=\"text-align: center; line-height: 1.2; font-size: small;\">min. 3 nacht<\/td>\n<\/tr>\n<tr>\n<td style=\"text-align: center; line-height: 1.2; font-size: small;\">1. September &#8211; 30. September<\/td>\n<td style=\"text-align: center; line-height: 1.2; font-size: small;\">25 000 HUF\/Nacht\/Wohnung, 100 000 HUF\/Woche\/Wohnung<\/td>\n<td style=\"text-align: center; line-height: 1.2; font-size: small;\">min. 3 nacht<\/td>\n<\/tr>\n<tr>\n<td style=\"text-align: center; line-height: 1.2; font-size: small;\">1. Oktober &#8211; 31. Dezember<\/td>\n<td style=\"text-align: center; line-height: 1.2; font-size: small;\">100 000 HUF\/Woche\/Wohnung<\/td>\n<td style=\"text-align: center; line-height: 1.2; font-size: small;\">min. 7 nacht<\/td>\n<\/tr>\n<\/tbody>\n<\/table>\n<p>[\/vc_column_text]<h3 class=\"sohohotel-title-20px sohohotel-clearfix sohohotel-title-center\">Wohnungspreise f\u00fcr 4 + 2 Personen (Etage)<\/h3>[vc_column_text]<\/p>\n<table>\n<tbody>\n<tr>\n<td style=\"text-align: center;\"><i class=\"fas fa-calendar\">\u00a0<\/i><\/td>\n<td style=\"text-align: center;\"><i class=\"fas fa-coins\">\u00a0<\/i><\/td>\n<td style=\"text-align: center;\"><i class=\"fas fa-info-circle\">\u00a0<\/i><\/td>\n<\/tr>\n<tr>\n<td style=\"text-align: center; line-height: 1.2; font-size: small;\">1. Januar &#8211; 30. April<\/td>\n<td style=\"text-align: center; line-height: 1.2; font-size: small;\">120 000 HUF\/Woche\/Wohnung<\/td>\n<td style=\"text-align: center; line-height: 1.2; font-size: small;\">min. 7 nacht<\/td>\n<\/tr>\n<tr>\n<td style=\"text-align: center; line-height: 1.2; font-size: small;\">1. Mai &#8211; 20. Juni<\/td>\n<td style=\"text-align: center; line-height: 1.2; font-size: small;\">30 000 HUF\/Nacht\/Wohnung, 135 000 HUF\/Woche\/Wohnung<\/td>\n<td style=\"text-align: center; line-height: 1.2; font-size: small;\">min 3 nacht<\/td>\n<\/tr>\n<tr>\n<td style=\"text-align: center; line-height: 1.2; font-size: small;\">21. Juni &#8211; 30. Juni<\/td>\n<td style=\"text-align: center; line-height: 1.2; font-size: small;\">55 000 HUF\/Nacht Wohnung<\/td>\n<td style=\"text-align: center; line-height: 1.2; font-size: small;\">min. 3 nacht<\/td>\n<\/tr>\n<tr>\n<td style=\"text-align: center; line-height: 1.2; font-size: small;\"><span style=\"color: #e8e8e8;\">&#8211;<\/span>1. Juli &#8211; 22. August<\/td>\n<td style=\"text-align: center; line-height: 1.5; font-size: small;\">70 000 HUF\/Nacht\/Wohnung<\/td>\n<td style=\"text-align: center; line-height: 1.5; font-size: small;\">min. 2 nacht<\/td>\n<\/tr>\n<tr>\n<td style=\"text-align: center; line-height: 1.2; font-size: small;\">23. August &#8211; 31. August<\/td>\n<td style=\"text-align: center; line-height: 1.2; font-size: small;\">55 000 HUF\/Nacht Wohnung<\/td>\n<td style=\"text-align: center; line-height: 1.2; font-size: small;\">min. 3 nacht<\/td>\n<\/tr>\n<tr>\n<td style=\"text-align: center; line-height: 1.2; font-size: small;\">1. September &#8211; 30. September<\/td>\n<td style=\"text-align: center; line-height: 1.2; font-size: small;\">30 000 HUF\/Nacht\/Wohnung, 135 000 HUF\/Woche\/Wohnung<\/td>\n<td style=\"text-align: center; line-height: 1.2; font-size: small;\">min. 3 nacht<\/td>\n<\/tr>\n<tr>\n<td style=\"text-align: center; line-height: 1.2; font-size: small;\">1. Oktober &#8211; 31. Dezember<\/td>\n<td style=\"text-align: center; line-height: 1.2; font-size: small;\">120 000 HUF\/Woche\/Wohnung<\/td>\n<td style=\"text-align: center; line-height: 1.2; font-size: small;\">min. 7 nacht<\/td>\n<\/tr>\n<\/tbody>\n<\/table>\n<p>[\/vc_column_text]<h3 class=\"sohohotel-title-20px sohohotel-clearfix sohohotel-title-center\">Wohnungspreise f\u00fcr 4 + 2 Personen (Erdgeschoss)<\/h3>[vc_column_text]<\/p>\n<table>\n<tbody>\n<tr>\n<td style=\"text-align: center;\"><i class=\"fas fa-calendar\">\u00a0<\/i><\/td>\n<td style=\"text-align: center;\"><i class=\"fas fa-coins\">\u00a0<\/i><\/td>\n<td style=\"text-align: center;\"><i class=\"fas fa-info-circle\">\u00a0<\/i><\/td>\n<\/tr>\n<tr>\n<td style=\"text-align: center; line-height: 1.2; font-size: small;\">1. Januar &#8211; 30. April<\/td>\n<td style=\"text-align: center; line-height: 1.2; font-size: small;\">160 000 HUF\/Woche\/Wohnung<\/td>\n<td style=\"text-align: center; line-height: 1.2; font-size: small;\">min. 7 nacht<\/td>\n<\/tr>\n<tr>\n<td style=\"text-align: center; line-height: 1.2; font-size: small;\">1. Mai &#8211; 20. Juni<\/td>\n<td style=\"text-align: center; line-height: 1.2; font-size: small;\">35 000 HUF\/Nacht\/Wohnung, 170 000 HUF\/Woche\/Wohnung<\/td>\n<td style=\"text-align: center; line-height: 1.2; font-size: small;\">min 3 nacht<\/td>\n<\/tr>\n<tr>\n<td style=\"text-align: center; line-height: 1.2; font-size: small;\">21. Juni &#8211; 30. Juni<\/td>\n<td style=\"text-align: center; line-height: 1.2; font-size: small;\">60 000 HUF\/Nacht Wohnung<\/td>\n<td style=\"text-align: center; line-height: 1.2; font-size: small;\">min. 3 nacht<\/td>\n<\/tr>\n<tr>\n<td style=\"text-align: center; line-height: 1.2; font-size: small;\"><span style=\"color: #e8e8e8;\">&#8211;<\/span>1. Juli &#8211; 22. August<\/td>\n<td style=\"text-align: center; line-height: 1.5; font-size: small;\">80 000 HUF\/Nacht\/Wohnung<\/td>\n<td style=\"text-align: center; line-height: 1.5; font-size: small;\">min. 2 nacht<\/td>\n<\/tr>\n<tr>\n<td style=\"text-align: center; line-height: 1.2; font-size: small;\">23. August &#8211; 31. August<\/td>\n<td style=\"text-align: center; line-height: 1.2; font-size: small;\">60 000 HUF\/Nacht Wohnung<\/td>\n<td style=\"text-align: center; line-height: 1.2; font-size: small;\">min. 3 nacht<\/td>\n<\/tr>\n<tr>\n<td style=\"text-align: center; line-height: 1.2; font-size: small;\">1. September &#8211; 30. September<\/td>\n<td style=\"text-align: center; line-height: 1.2; font-size: small;\">35 000 HUF\/Nacht\/Wohnung, 170 000 HUF\/Woche\/Wohnung<\/td>\n<td style=\"text-align: center; line-height: 1.2; font-size: small;\">min. 3 nacht<\/td>\n<\/tr>\n<tr>\n<td style=\"text-align: center; line-height: 1.2; font-size: small;\">1. Oktober &#8211; 31. Dezember<\/td>\n<td style=\"text-align: center; line-height: 1.2; font-size: small;\">160 000 HUF\/Woche\/Wohnung<\/td>\n<td style=\"text-align: center; line-height: 1.2; font-size: small;\">min. 7 nacht<\/td>\n<\/tr>\n<\/tbody>\n<\/table>\n<p>[\/vc_column_text]<h3 class=\"sohohotel-title-20px sohohotel-clearfix sohohotel-title-center\">Zustellbett gegen Aufpreis<\/h3>[vc_column_text]<\/p>\n<table style=\"margin: auto; width: 50%;\">\n<tbody>\n<tr>\n<td style=\"text-align: center;\"><i class=\"fas fa-calendar\">\u00a0<\/i><\/td>\n<td style=\"text-align: center;\"><i class=\"fas fa-bed\">\u00a0<\/i><\/td>\n<\/tr>\n<tr>\n<td style=\"text-align: center; line-height: 1.2; font-size: small;\">1. Januar &#8211; 30. April<\/td>\n<td style=\"text-align: center; line-height: 1.2; font-size: small;\">20.000 HUF\/Woche<\/td>\n<\/tr>\n<tr>\n<td style=\"text-align: center; line-height: 1.2; font-size: small;\">1. Mai &#8211; 20. Juni<\/td>\n<td style=\"text-align: center; line-height: 1.2; font-size: small;\">6.000 HUF\/Nacht<\/td>\n<\/tr>\n<tr>\n<td style=\"text-align: center; line-height: 1.2; font-size: small;\">21. Juni &#8211; 30. Juni<\/td>\n<td style=\"text-align: center; line-height: 1.2; font-size: small;\">6.000 HUF\/Nacht<\/td>\n<\/tr>\n<tr>\n<td style=\"text-align: center; line-height: 1.2; font-size: small;\">1. Juli &#8211; 22. August<\/td>\n<td style=\"text-align: center; line-height: 1.2; font-size: small;\">8.000 HUF\/Nacht<\/td>\n<\/tr>\n<tr>\n<td style=\"text-align: center; line-height: 1.2; font-size: small;\">23. August &#8211; 31. August<\/td>\n<td style=\"text-align: center; line-height: 1.2; font-size: small;\">6.000 HUF\/Nacht<\/td>\n<\/tr>\n<tr>\n<td style=\"text-align: center; line-height: 1.2; font-size: small;\">1. September &#8211; 30. September<\/td>\n<td style=\"text-align: center; line-height: 1.2; font-size: small;\">6.000 HUF\/Nacht<\/td>\n<\/tr>\n<tr>\n<td style=\"text-align: center; line-height: 1.2; font-size: small;\">1. Oktober &#8211; 31. Dezember<\/td>\n<td style=\"text-align: center; line-height: 1.2; font-size: small;\">20.000 HUF\/Woche<\/td>\n<\/tr>\n<\/tbody>\n<\/table>\n<p style=\"text-align: center;\">+ Kurtaxe (f\u00fcr Personen \u00fcber 18, 500 HUF\/Nacht)<\/p>\n<p>[\/vc_column_text][vc_column_text]Fordern Sie unser individuelles Preisangebot f\u00fcr einen von der Mindestbelegung in der Tabelle abweichenden Zeitraum an!<\/p>\n<p>F\u00fcr die Zeit der Musikfestivale und f\u00fcr die langen Wochenende haben wir Spezialpreise. Erbitten Sie unser Angebot!<\/p>\n<p>Die Preise enthalten (in jeder Saison) die Energiekosten aus dem Normalgebrauch, die Fernseher- und WLAN-Benutzung, Geschirrt\u00fccher, Tischt\u00fccher, Bettw\u00e4sche, Bettzeug, Reinigungskosten, sowie das Parken auf dem Grundst\u00fcck f\u00fcr einen Pkw pro Apartment.<\/p>\n<p>Bei der Reservierung sind 30% des Preises zu \u00fcberweisen, was als Anzahlung gilt und bei Stornierung nicht zur\u00fcckgezahlt wird. Durch die \u00dcberweisung der Anzahlung werden vom Gast \u201eDie allgemeinen Reservierungsbedingungen\u201c akzeptiert. Durch die Bezahlung der Anzahlung wird dem Gast der Aufenthalt gem\u00e4\u00df Reservierungsbest\u00e4tigung garantiert. Der 70% Restbetrag muss per \u00dcberweisung sp\u00e4testens 60 Kalendertage vor der Anreise beglichen werden. Sollte die Bezahlung des 70% Restbetrages trotz schriftlicher Erinnerung (per E-Mail) nicht innerhalb von 60 Tagen vor der Anreise erfolgen, hat der Gastgeber das Recht, die Reservierung zu stornieren und die Anzahlung zu behalten. Nach Vereinbarung besteht die M\u00f6glichkeit zur Ratenzahlung.<br \/>\nAuch Barzahlung ist m\u00f6glich.[\/vc_column_text]<h3 class=\"sohohotel-title-20px sohohotel-clearfix sohohotel-title-center\">Informationen zum Virenstatus<\/h3>[vc_column_text]Sollte es bei der Ankunft aufgrund einer Epidemie zu einer Ausgangssperre kommen, erstatten wir unseren G\u00e4sten den vollen Betrag zur\u00fcck.<\/p>\n<p>Wir achten besonders auf die kontinuierliche Aufrechterhaltung sicherer hygienischer Bedingungen in den Unterk\u00fcnften, wir haben im Gemeinschaftsbereich ein H\u00e4ndedesinfektionsmittel aufgestellt und die Desinfektion erfolgt bei der Reinigung der Apartments mit besonderer Sorgfalt und Viruziden.[\/vc_column_text]<h3 class=\"sohohotel-title-20px sohohotel-clearfix sohohotel-title-center\">Stornobedingungen<\/h3>[vc_column_text]<\/p>\n<p>Stornierung binnen 0-30 Tagen vor Anreise: der gesamte Buchungspreis (die Anzahlung und der Restpreis) gelten als Stornogeb\u00fchr und sie werden nicht erstattet.<\/p>\n<p>Stornierung binnen 30-60 Tagen vor Anreise: wenn wir das gebuchte Apartment f\u00fcr die stornierte Reisezeit an Dritte vermieten k\u00f6nnen, kann der bezahlte Buchungspreis (bis zu 30%+70%) ab dem Folgetag der Buchung gerechnet innerhalb von einem Jahr bei einer mindestens gleichwertigen Reservierung angerechnet werden Wir bitten unsere G\u00e4ste, uns bei der n\u00e4chsten Buchung die Anrechnung der fr\u00fcheren, einbehaltenen Summe anzuzeigen.<\/p>\n<p>Stornierung \u00fcber 60 Tage (am 61, 62, 63&#8230; Tag) vor Anreise: die \u00fcber der Anzahlung hinaus bezahlten Betr\u00e4ge werden zur\u00fcckerstattet.[\/vc_column_text][vc_column_text]\u00dcbertragung: die Reservierung kann zum beliebigen Zeitpunkt auf andere \u00fcbertragen werden. Bei Stornierung k\u00f6nnen die Reservierung, bzw. die eingezahlten Summen auf andere \u00fcbertragen werden, wenn der Gast f\u00fcr das gleiche Apartment und den gleichen Termin an seiner Stelle einen anderen Gast bringt.<\/p>\n<p>Die Kaution betr\u00e4gt 30 000 HUF\/Apartment (ist vor Ort bei der Schl\u00fcssel\u00fcbergabe zu bezahlen). Die Kaution wird bei der R\u00fcckgabe des Schl\u00fcssels in voller H\u00f6he erstattet.<\/p>\n<p>Wir behalten uns das Recht auf Preis\u00e4nderungen vor und unterliegen der Verf\u00fcgbarkeit.<\/p>\n<p style=\"text-align: center;\"><a href=\"http:\/\/vizparton.hu\/wp-content\/uploads\/2026\/01\/Szallasfoglalas-ASzF-2026.01.01_V1.pdf\">Allgemeine Gesch\u00e4ftsbedingungen der reservierung 2026<\/a><\/p>\n<p>[\/vc_column_text][vc_empty_space height=&#8221;40px&#8221;][\/vc_column][\/vc_row]<\/p>\n","protected":false},"excerpt":{"rendered":"<p>[vc_row el_class=&#8221;sohohotel-content-inner&#8221;][vc_column][vc_empty_space][vc_column_text] Fragen Sie nach unseren anderen regelm\u00e4\u00dfigen Aktionen unter einer unserer Kontaktdaten! [\/vc_column_text][vc_column_text] \u00a0 \u00a0 \u00a0 1. Januar &#8211; 30. April 100 000 HUF\/Woche\/Wohnung min. 7 nacht 1. Mai &#8211; 20. Juni 25 000 HUF\/Nacht\/Wohnung, 100 000 HUF\/Woche\/Wohnung min 3 nacht 21. Juni &#8211; 30. Juni 45 000 HUF\/Nacht Wohnung min. 3 nacht &#8211;1.<\/p>\n<a href=\"http:\/\/vizparton.hu\/de\/preise\/\" class=\"sohohotel-more-link\">Read More<\/a>","protected":false},"author":1,"featured_media":0,"parent":0,"menu_order":0,"comment_status":"closed","ping_status":"open","template":"","meta":{"footnotes":""},"class_list":["post-69","page","type-page","status-publish","hentry"],"yoast_head":"<!-- This site is optimized with the Yoast SEO plugin v26.8 - https:\/\/yoast.com\/product\/yoast-seo-wordpress\/ -->\n<title>Preise - Balaton Apartmenthaus in Sz\u00e1nt\u00f3d<\/title>\n<meta name=\"description\" content=\"Sollte es bei der Ankunft aufgrund einer Epidemie zu einer Ausgangssperre kommen, erstatten wir unseren G\u00e4sten den vollen Betrag zur\u00fcck.\" \/>\n<meta name=\"robots\" content=\"index, follow, max-snippet:-1, max-image-preview:large, max-video-preview:-1\" \/>\n<link rel=\"canonical\" href=\"https:\/\/vizparton.hu\/de\/preise\/\" \/>\n<meta property=\"og:locale\" content=\"de_DE\" \/>\n<meta property=\"og:type\" content=\"article\" \/>\n<meta property=\"og:title\" content=\"Preise - Balaton Apartmenthaus in Sz\u00e1nt\u00f3d\" \/>\n<meta property=\"og:description\" content=\"Sollte es bei der Ankunft aufgrund einer Epidemie zu einer Ausgangssperre kommen, erstatten wir unseren G\u00e4sten den vollen Betrag zur\u00fcck.\" \/>\n<meta property=\"og:url\" content=\"https:\/\/vizparton.hu\/de\/preise\/\" \/>\n<meta property=\"og:site_name\" content=\"Balaton Apartmenthaus in Sz\u00e1nt\u00f3d\" \/>\n<meta property=\"article:modified_time\" content=\"2026-01-14T11:52:25+00:00\" \/>\n<meta name=\"twitter:card\" content=\"summary_large_image\" \/>\n<meta name=\"twitter:label1\" content=\"Gesch\u00e4tzte Lesezeit\" \/>\n\t<meta name=\"twitter:data1\" content=\"5\u00a0Minuten\" \/>\n<script type=\"application\/ld+json\" class=\"yoast-schema-graph\">{\"@context\":\"https:\/\/schema.org\",\"@graph\":[{\"@type\":\"WebPage\",\"@id\":\"https:\/\/vizparton.hu\/de\/preise\/\",\"url\":\"https:\/\/vizparton.hu\/de\/preise\/\",\"name\":\"Preise - Balaton Apartmenthaus in Sz\u00e1nt\u00f3d\",\"isPartOf\":{\"@id\":\"https:\/\/vizparton.hu\/de\/#website\"},\"datePublished\":\"2015-05-29T14:08:42+00:00\",\"dateModified\":\"2026-01-14T11:52:25+00:00\",\"description\":\"Sollte es bei der Ankunft aufgrund einer Epidemie zu einer Ausgangssperre kommen, erstatten wir unseren G\u00e4sten den vollen Betrag zur\u00fcck.\",\"breadcrumb\":{\"@id\":\"https:\/\/vizparton.hu\/de\/preise\/#breadcrumb\"},\"inLanguage\":\"de\",\"potentialAction\":[{\"@type\":\"ReadAction\",\"target\":[\"https:\/\/vizparton.hu\/de\/preise\/\"]}]},{\"@type\":\"BreadcrumbList\",\"@id\":\"https:\/\/vizparton.hu\/de\/preise\/#breadcrumb\",\"itemListElement\":[{\"@type\":\"ListItem\",\"position\":1,\"name\":\"Home\",\"item\":\"https:\/\/vizparton.hu\/de\/\"},{\"@type\":\"ListItem\",\"position\":2,\"name\":\"Preise\"}]},{\"@type\":\"WebSite\",\"@id\":\"https:\/\/vizparton.hu\/de\/#website\",\"url\":\"https:\/\/vizparton.hu\/de\/\",\"name\":\"Balaton Apartmenthaus in Sz\u00e1nt\u00f3d\",\"description\":\"direkt beim See\",\"potentialAction\":[{\"@type\":\"SearchAction\",\"target\":{\"@type\":\"EntryPoint\",\"urlTemplate\":\"https:\/\/vizparton.hu\/de\/?s={search_term_string}\"},\"query-input\":{\"@type\":\"PropertyValueSpecification\",\"valueRequired\":true,\"valueName\":\"search_term_string\"}}],\"inLanguage\":\"de\"}]}<\/script>\n<!-- \/ Yoast SEO plugin. -->","yoast_head_json":{"title":"Preise - Balaton Apartmenthaus in Sz\u00e1nt\u00f3d","description":"Sollte es bei der Ankunft aufgrund einer Epidemie zu einer Ausgangssperre kommen, erstatten wir unseren G\u00e4sten den vollen Betrag zur\u00fcck.","robots":{"index":"index","follow":"follow","max-snippet":"max-snippet:-1","max-image-preview":"max-image-preview:large","max-video-preview":"max-video-preview:-1"},"canonical":"https:\/\/vizparton.hu\/de\/preise\/","og_locale":"de_DE","og_type":"article","og_title":"Preise - Balaton Apartmenthaus in Sz\u00e1nt\u00f3d","og_description":"Sollte es bei der Ankunft aufgrund einer Epidemie zu einer Ausgangssperre kommen, erstatten wir unseren G\u00e4sten den vollen Betrag zur\u00fcck.","og_url":"https:\/\/vizparton.hu\/de\/preise\/","og_site_name":"Balaton Apartmenthaus in Sz\u00e1nt\u00f3d","article_modified_time":"2026-01-14T11:52:25+00:00","twitter_card":"summary_large_image","twitter_misc":{"Gesch\u00e4tzte Lesezeit":"5\u00a0Minuten"},"schema":{"@context":"https:\/\/schema.org","@graph":[{"@type":"WebPage","@id":"https:\/\/vizparton.hu\/de\/preise\/","url":"https:\/\/vizparton.hu\/de\/preise\/","name":"Preise - Balaton Apartmenthaus in Sz\u00e1nt\u00f3d","isPartOf":{"@id":"https:\/\/vizparton.hu\/de\/#website"},"datePublished":"2015-05-29T14:08:42+00:00","dateModified":"2026-01-14T11:52:25+00:00","description":"Sollte es bei der Ankunft aufgrund einer Epidemie zu einer Ausgangssperre kommen, erstatten wir unseren G\u00e4sten den vollen Betrag zur\u00fcck.","breadcrumb":{"@id":"https:\/\/vizparton.hu\/de\/preise\/#breadcrumb"},"inLanguage":"de","potentialAction":[{"@type":"ReadAction","target":["https:\/\/vizparton.hu\/de\/preise\/"]}]},{"@type":"BreadcrumbList","@id":"https:\/\/vizparton.hu\/de\/preise\/#breadcrumb","itemListElement":[{"@type":"ListItem","position":1,"name":"Home","item":"https:\/\/vizparton.hu\/de\/"},{"@type":"ListItem","position":2,"name":"Preise"}]},{"@type":"WebSite","@id":"https:\/\/vizparton.hu\/de\/#website","url":"https:\/\/vizparton.hu\/de\/","name":"Balaton Apartmenthaus in Sz\u00e1nt\u00f3d","description":"direkt beim See","potentialAction":[{"@type":"SearchAction","target":{"@type":"EntryPoint","urlTemplate":"https:\/\/vizparton.hu\/de\/?s={search_term_string}"},"query-input":{"@type":"PropertyValueSpecification","valueRequired":true,"valueName":"search_term_string"}}],"inLanguage":"de"}]}},"_links":{"self":[{"href":"http:\/\/vizparton.hu\/de\/wp-json\/wp\/v2\/pages\/69","targetHints":{"allow":["GET"]}}],"collection":[{"href":"http:\/\/vizparton.hu\/de\/wp-json\/wp\/v2\/pages"}],"about":[{"href":"http:\/\/vizparton.hu\/de\/wp-json\/wp\/v2\/types\/page"}],"author":[{"embeddable":true,"href":"http:\/\/vizparton.hu\/de\/wp-json\/wp\/v2\/users\/1"}],"replies":[{"embeddable":true,"href":"http:\/\/vizparton.hu\/de\/wp-json\/wp\/v2\/comments?post=69"}],"version-history":[{"count":42,"href":"http:\/\/vizparton.hu\/de\/wp-json\/wp\/v2\/pages\/69\/revisions"}],"predecessor-version":[{"id":1228,"href":"http:\/\/vizparton.hu\/de\/wp-json\/wp\/v2\/pages\/69\/revisions\/1228"}],"wp:attachment":[{"href":"http:\/\/vizparton.hu\/de\/wp-json\/wp\/v2\/media?parent=69"}],"curies":[{"name":"wp","href":"https:\/\/api.w.org\/{rel}","templated":true}]}}